{"id":26,"date":"2025-07-09T16:11:30","date_gmt":"2025-07-09T16:11:30","guid":{"rendered":"https:\/\/indgangspartiet.dk\/?page_id=26"},"modified":"2025-07-10T05:58:34","modified_gmt":"2025-07-10T05:58:34","slug":"indgangspartiet","status":"publish","type":"page","link":"https:\/\/indgangspartiet.dk\/","title":{"rendered":"indgangspartiet"},"content":{"rendered":"<h1><span style=\"color: #264d00;\">Velkommen til indgangspartiet<\/span><\/h1>\n<h2>&#8230;dit lokale parti <span style=\"color: #b30000;\"><em>der vil&#8230;<\/em><\/span><\/h2>\n<p>&#8230;mere borgerinddragelse,<br \/>\n&#8230;mere lokal information,<br \/>\n&#8230;mere uddannelse,<br \/>\n&#8230;mindre bureaukrati<\/p>\n<h2>Men som <span style=\"color: #b30000;\">ikke vil&#8230;<\/span><\/h2>\n<p>&#8230;lade de \u00e6ldre &#8220;i stikken&#8221;,<br \/>\n&#8230;flere vindm\u00f8ller p\u00e5 land,<br \/>\n&#8230;flere solcelleparker i det \u00e5bne land,<\/p>\n<p>&nbsp;<\/p>\n<p>&nbsp;<\/p>\n","protected":false},"excerpt":{"rendered":"<p>Velkommen til indgangspartiet &#8230;dit lokale parti der vil&#8230; &#8230;mere borgerinddragelse, &#8230;mere lokal information, &#8230;mere uddannelse, &#8230;mindre bureaukrati Men som ikke vil&#8230; &#8230;lade de \u00e6ldre &#8220;i stikken&#8221;, &#8230;flere vindm\u00f8ller p\u00e5 land, [&hellip;]<\/p>\n","protected":false},"author":1,"featured_media":0,"parent":0,"menu_order":0,"comment_status":"closed","ping_status":"closed","template":"page_fullwidth.php","meta":{"footnotes":""},"class_list":["post-26","page","type-page","status-publish","hentry"],"_links":{"self":[{"href":"https:\/\/indgangspartiet.dk\/index.php\/wp-json\/wp\/v2\/pages\/26","targetHints":{"allow":["GET"]}}],"collection":[{"href":"https:\/\/indgangspartiet.dk\/index.php\/wp-json\/wp\/v2\/pages"}],"about":[{"href":"https:\/\/indgangspartiet.dk\/index.php\/wp-json\/wp\/v2\/types\/page"}],"author":[{"embeddable":true,"href":"https:\/\/indgangspartiet.dk\/index.php\/wp-json\/wp\/v2\/users\/1"}],"replies":[{"embeddable":true,"href":"https:\/\/indgangspartiet.dk\/index.php\/wp-json\/wp\/v2\/comments?post=26"}],"version-history":[{"count":7,"href":"https:\/\/indgangspartiet.dk\/index.php\/wp-json\/wp\/v2\/pages\/26\/revisions"}],"predecessor-version":[{"id":35,"href":"https:\/\/indgangspartiet.dk\/index.php\/wp-json\/wp\/v2\/pages\/26\/revisions\/35"}],"wp:attachment":[{"href":"https:\/\/indgangspartiet.dk\/index.php\/wp-json\/wp\/v2\/media?parent=26"}],"curies":[{"name":"wp","href":"https:\/\/api.w.org\/{rel}","templated":true}]}}